{"id":2,"date":"2016-09-21T17:42:29","date_gmt":"2016-09-21T23:42:29","guid":{"rendered":"http:\/\/manta-termica.net\/?page_id=2"},"modified":"2023-03-01T12:40:50","modified_gmt":"2023-03-01T18:40:50","slug":"manta-termica-forzado-cultivos-anticipo-cosechas","status":"publish","type":"page","link":"https:\/\/manta-termica.net\/","title":{"rendered":"Manta T\u00e9rmica para el Forzado de Cultivos y Anticipo de Cosechas."},"content":{"rendered":"<h2 style=\"text-align: justify;\"><strong>La Manta T\u00e9rmica INVERNAVELO protege los cultivos de las heladas y de los insectos.<br \/>\n<\/strong><\/h2>\n<p style=\"text-align: justify;\"><em>\u00a0<\/em><\/p>\n<p style=\"text-align: justify;\"><strong>El uso de la manta t\u00e9rmica para reducir los tiempos de producci\u00f3n de hortalizas.<\/strong><\/p>\n<p style=\"text-align: justify;\"><strong>INVERNAVELO aumenta la temperatura abajo de la tela y reduce el tiempo necesario para llegar a la cosecha.<\/strong><\/p>\n<p style=\"text-align: justify;\">En este sitio de habla de las ventajas de la <strong>manta t\u00e9rmica en los cultivos<\/strong>.\u00a0 Todas las plantas y hortalizas tienen condiciones diferentes bajo las cuales se pueden desarrollar de manera \u00f3ptima sin embargo un factor que (todas) tienen en com\u00fan es que se benefician con temperaturas templadas o elevadas.<\/p>\n<p style=\"text-align: justify;\">Aumentar la temperatura es dif\u00edcil en condiciones o cultivos r\u00fasticos, sin embargo es posible utilizando una manta t\u00e9rmica a manera de techo, sobre los cultivos a los que les desee aumentar la temperatura.<\/p>\n<figure id=\"attachment_11\" aria-describedby=\"caption-attachment-11\" style=\"width: 230px\" class=\"wp-caption alignnone\"><img loading=\"lazy\" decoding=\"async\" class=\"size-full wp-image-11\" src=\"http:\/\/manta-termica.net\/wp-content\/uploads\/2016\/09\/mante-t\u00e9rmica-contra-heladas.jpg\" alt=\"Esta manta proteger\u00e1 a sus cultivos contra las heladas y contra insectos fitopar\u00e1sitos como los \u00e1fidos.\" width=\"230\" height=\"201\" \/><figcaption id=\"caption-attachment-11\" class=\"wp-caption-text\">Esta manta proteger\u00e1 a sus cultivos contra las heladas y contra insectos fitopar\u00e1sitos como los \u00e1fidos.<\/figcaption><\/figure>\n<figure id=\"attachment_12\" aria-describedby=\"caption-attachment-12\" style=\"width: 217px\" class=\"wp-caption alignnone\"><img loading=\"lazy\" decoding=\"async\" class=\"size-full wp-image-12\" src=\"http:\/\/manta-termica.net\/wp-content\/uploads\/2016\/09\/manta-t\u00e9rmica-para-t\u00fanel-agricola.jpg\" alt=\"La manta t\u00e9rmica tambi\u00e9n puede usarse para la construcci\u00f3n de t\u00faneles agr\u00edcolas o\" width=\"217\" height=\"159\" \/><figcaption id=\"caption-attachment-12\" class=\"wp-caption-text\">La manta t\u00e9rmica tambi\u00e9n puede usarse para la construcci\u00f3n de t\u00faneles agr\u00edcolas.<\/figcaption><\/figure>\n<p style=\"text-align: justify;\">Con el aumento de la temperatura las hortalizas tienen m\u00e1s facilidad para realizar el proceso de <a href=\"https:\/\/es.wikipedia.org\/wiki\/Fotos%C3%ADntesis\">fotos\u00edntesis<\/a> esto har\u00e1 que crezcan y se desarrollen m\u00e1s r\u00e1pido y con una mayor calidad, es por eso que cada vez m\u00e1s agricultores optan por implementar un cultivo protegido con una <strong>tela t\u00e9rmica<\/strong>.<\/p>\n<figure id=\"attachment_10\" aria-describedby=\"caption-attachment-10\" style=\"width: 227px\" class=\"wp-caption alignnone\"><img loading=\"lazy\" decoding=\"async\" class=\"wp-image-10 size-full\" src=\"http:\/\/manta-termica.net\/wp-content\/uploads\/2016\/09\/frutos-de-caidad-con-la-manta-t\u00e9rmica.jpg\" alt=\"floating row cover cubierta flotante con la manta termica INVERNAVELO\" width=\"227\" height=\"190\" \/><figcaption id=\"caption-attachment-10\" class=\"wp-caption-text\">Con el uso de la manta t\u00e9rmica usted generara productos de la m\u00e1s alta calidad evitando el taque de insectos y protegiendo contra el fr\u00edo.<\/figcaption><\/figure>\n<h3 style=\"text-align: justify;\"><strong>\u00bfC\u00f3mo se instala una manta t\u00e9rmica?<\/strong><\/h3>\n<p style=\"text-align: justify;\">La instalaci\u00f3n de una <a href=\"http:\/\/invernavelo.net\">tela antiheladas<\/a> o\u00a0 manta t\u00e9rmica es muy f\u00e1cil y r\u00e1pida y no requiere mucho esfuerzo ni una inversi\u00f3n grande. La instalaci\u00f3n de la manta t\u00e9rmica se puede personalizar adapt\u00e1ndola a los espacios y cultivos que quiera proteger o aumentar la temperatura, puede colocarla como techo para adem\u00e1s generar sombra, puede colocarla sobre el suelo para proteger las ra\u00edces o puede recubrir completamente, todo depende del tipo de hortaliza a proteger y del tipo de producci\u00f3n de esta.<\/p>\n<figure id=\"attachment_9\" aria-describedby=\"caption-attachment-9\" style=\"width: 243px\" class=\"wp-caption alignnone\"><img loading=\"lazy\" decoding=\"async\" class=\"wp-image-9 size-full\" src=\"http:\/\/manta-termica.net\/wp-content\/uploads\/2016\/09\/mante-termica-hecha-de-polipropileno.jpg\" alt=\" la t\u00e9rmica de polipropileno ser\u00e1 muy resistente y duradera. contra heladas\" width=\"243\" height=\"194\" \/><figcaption id=\"caption-attachment-9\" class=\"wp-caption-text\">La manta t\u00e9rmica INVERNAVELO se puede instalar directamente sobre los surcos en campo abierto, con o sin estructuras formando as\u00ed una cubierta flotante que protege los cultivos contra las heladas.<\/figcaption><\/figure>\n<p style=\"text-align: justify;\">Conocer qu\u00e9 tipo de hortaliza tiene y cu\u00e1l es la temperatura ideal para que esta est\u00e9 produciendo en \u00f3ptimas condiciones es esencial para poder implementar un cultivo protegido.<\/p>\n<h3 style=\"text-align: justify;\"><strong>\u00bfCultivo en Invernadero o Rustico?<\/strong><\/h3>\n<p style=\"text-align: justify;\">La implementaci\u00f3n de este tipo de sistemas anti-heladas y de <strong>forzado de cultivos<\/strong> puede aplicarse tanto para cultivos en <a href=\"https:\/\/manta-termica.net\/index.php\/2018\/03\/14\/que-es-la-manta-termica-para-cultivos\/\"><strong>invernadero<\/strong><\/a>, o <a href=\"http:\/\/macro-tunel.com\"><strong>macro-tunel<\/strong><\/a> (intensivos) como r\u00fasticos en <strong>campo abierto<\/strong> (extensivos), pero hay que mencionar que si bien en ambos sistemas funciona, en el invernadero ser\u00e1 m\u00e1s eficaz debido a que se tiene un mayor control sobre los factores que se presentan en este.<\/p>\n<figure id=\"attachment_8\" aria-describedby=\"caption-attachment-8\" style=\"width: 300px\" class=\"wp-caption alignnone\"><img loading=\"lazy\" decoding=\"async\" class=\"size-medium wp-image-8\" src=\"http:\/\/manta-termica.net\/wp-content\/uploads\/2016\/09\/rustico-o-invernaddero-300x122.jpg\" alt=\"La implantaci\u00f3n de una manta t\u00e9rmica es viable tanto en cultivos r\u00fasticos como en uno de invernadero.\" width=\"300\" height=\"122\" srcset=\"https:\/\/manta-termica.net\/wp-content\/uploads\/2016\/09\/rustico-o-invernaddero-300x122.jpg 300w, https:\/\/manta-termica.net\/wp-content\/uploads\/2016\/09\/rustico-o-invernaddero.jpg 380w\" sizes=\"auto, (max-width: 300px) 100vw, 300px\" \/><figcaption id=\"caption-attachment-8\" class=\"wp-caption-text\">La implantaci\u00f3n de una manta t\u00e9rmica es viable tanto en cultivos r\u00fasticos como en uno de invernadero.<\/figcaption><\/figure>\n<p>Para saber m\u00e1s sobre la productos para proteger tus cultivos contra el fr\u00edo o las mallas espalderas siga leyend<strong>o en el sitio de hortomallas.com <\/strong><\/p>\n<p>AMA<\/p>\n","protected":false},"excerpt":{"rendered":"<p>La Manta T\u00e9rmica INVERNAVELO protege los cultivos de las heladas y de los insectos. \u00a0 El uso de la manta t\u00e9rmica para reducir los tiempos de producci\u00f3n de hortalizas. INVERNAVELO aumenta la temperatura abajo de la tela y reduce el tiempo necesario para llegar a la cosecha. En este sitio de habla de las ventajas &hellip; <\/p>\n","protected":false},"author":1,"featured_media":9,"parent":0,"menu_order":0,"comment_status":"closed","ping_status":"open","template":"","meta":{"footnotes":""},"class_list":["post-2","page","type-page","status-publish","has-post-thumbnail","hentry","latest_post"],"yoast_head":"<!-- This site is optimized with the Yoast SEO plugin v26.2 - https:\/\/yoast.com\/wordpress\/plugins\/seo\/ -->\n<title>Manta t\u00e9rmica INVERNAVELO para el Forzado y Anticipo de Cosechas.<\/title>\n<meta name=\"description\" content=\"La Manta T\u00e9rmica INVERNAVELO protege los cultivos de heladas y insectos. El uso de la tela anti-heladas reduce los tiempos de producci\u00f3n.\" \/>\n<meta name=\"robots\" content=\"index, follow, max-snippet:-1, max-image-preview:large, max-video-preview:-1\" \/>\n<link rel=\"canonical\" href=\"https:\/\/manta-termica.net\/\" \/>\n<meta property=\"og:locale\" content=\"es_MX\" \/>\n<meta property=\"og:type\" content=\"article\" \/>\n<meta property=\"og:title\" content=\"Manta t\u00e9rmica INVERNAVELO para el Forzado y Anticipo de Cosechas.\" \/>\n<meta property=\"og:description\" content=\"La Manta T\u00e9rmica INVERNAVELO protege los cultivos de heladas y insectos. El uso de la tela anti-heladas reduce los tiempos de producci\u00f3n.\" \/>\n<meta property=\"og:url\" content=\"https:\/\/manta-termica.net\/\" \/>\n<meta property=\"og:site_name\" content=\"Manta Termica\" \/>\n<meta property=\"article:modified_time\" content=\"2023-03-01T18:40:50+00:00\" \/>\n<meta property=\"og:image\" content=\"https:\/\/manta-termica.net\/wp-content\/uploads\/2016\/09\/mante-termica-hecha-de-polipropileno.jpg\" \/>\n\t<meta property=\"og:image:width\" content=\"243\" \/>\n\t<meta property=\"og:image:height\" content=\"194\" \/>\n\t<meta property=\"og:image:type\" content=\"image\/jpeg\" \/>\n<meta name=\"twitter:card\" content=\"summary_large_image\" \/>\n<meta name=\"twitter:label1\" content=\"Tiempo de lectura\" \/>\n\t<meta name=\"twitter:data1\" content=\"4 minutos\" \/>\n<script type=\"application\/ld+json\" class=\"yoast-schema-graph\">{\"@context\":\"https:\/\/schema.org\",\"@graph\":[{\"@type\":\"WebPage\",\"@id\":\"https:\/\/manta-termica.net\/\",\"url\":\"https:\/\/manta-termica.net\/\",\"name\":\"Manta t\u00e9rmica INVERNAVELO para el Forzado y Anticipo de Cosechas.\",\"isPartOf\":{\"@id\":\"https:\/\/manta-termica.net\/#website\"},\"primaryImageOfPage\":{\"@id\":\"https:\/\/manta-termica.net\/#primaryimage\"},\"image\":{\"@id\":\"https:\/\/manta-termica.net\/#primaryimage\"},\"thumbnailUrl\":\"https:\/\/manta-termica.net\/wp-content\/uploads\/2016\/09\/mante-termica-hecha-de-polipropileno.jpg\",\"datePublished\":\"2016-09-21T23:42:29+00:00\",\"dateModified\":\"2023-03-01T18:40:50+00:00\",\"description\":\"La Manta T\u00e9rmica INVERNAVELO protege los cultivos de heladas y insectos. El uso de la tela anti-heladas reduce los tiempos de producci\u00f3n.\",\"breadcrumb\":{\"@id\":\"https:\/\/manta-termica.net\/#breadcrumb\"},\"inLanguage\":\"es\",\"potentialAction\":[{\"@type\":\"ReadAction\",\"target\":[\"https:\/\/manta-termica.net\/\"]}]},{\"@type\":\"ImageObject\",\"inLanguage\":\"es\",\"@id\":\"https:\/\/manta-termica.net\/#primaryimage\",\"url\":\"https:\/\/manta-termica.net\/wp-content\/uploads\/2016\/09\/mante-termica-hecha-de-polipropileno.jpg\",\"contentUrl\":\"https:\/\/manta-termica.net\/wp-content\/uploads\/2016\/09\/mante-termica-hecha-de-polipropileno.jpg\",\"width\":243,\"height\":194,\"caption\":\"Gracias a que la manta t\u00e9rmica est\u00e1 hecha de polipropileno ser\u00e1 muy resistente y duradera.\"},{\"@type\":\"BreadcrumbList\",\"@id\":\"https:\/\/manta-termica.net\/#breadcrumb\",\"itemListElement\":[{\"@type\":\"ListItem\",\"position\":1,\"name\":\"Inicio\",\"item\":\"https:\/\/manta-termica.net\/\"},{\"@type\":\"ListItem\",\"position\":2,\"name\":\"Manta T\u00e9rmica para el Forzado de Cultivos y Anticipo de Cosechas.\"}]},{\"@type\":\"WebSite\",\"@id\":\"https:\/\/manta-termica.net\/#website\",\"url\":\"https:\/\/manta-termica.net\/\",\"name\":\"Manta Termica\",\"description\":\"Reduce el Tiempo de la Siembra\",\"publisher\":{\"@id\":\"https:\/\/manta-termica.net\/#organization\"},\"potentialAction\":[{\"@type\":\"SearchAction\",\"target\":{\"@type\":\"EntryPoint\",\"urlTemplate\":\"https:\/\/manta-termica.net\/?s={search_term_string}\"},\"query-input\":{\"@type\":\"PropertyValueSpecification\",\"valueRequired\":true,\"valueName\":\"search_term_string\"}}],\"inLanguage\":\"es\"},{\"@type\":\"Organization\",\"@id\":\"https:\/\/manta-termica.net\/#organization\",\"name\":\"Manta Termica\",\"url\":\"https:\/\/manta-termica.net\/\",\"logo\":{\"@type\":\"ImageObject\",\"inLanguage\":\"es\",\"@id\":\"https:\/\/manta-termica.net\/#\/schema\/logo\/image\/\",\"url\":\"https:\/\/manta-termica.net\/wp-content\/uploads\/2023\/04\/cropped-INVERNAVELO-520x520-1.png\",\"contentUrl\":\"https:\/\/manta-termica.net\/wp-content\/uploads\/2023\/04\/cropped-INVERNAVELO-520x520-1.png\",\"width\":520,\"height\":162,\"caption\":\"Manta Termica\"},\"image\":{\"@id\":\"https:\/\/manta-termica.net\/#\/schema\/logo\/image\/\"}}]}<\/script>\n<!-- \/ Yoast SEO plugin. -->","yoast_head_json":{"title":"Manta t\u00e9rmica INVERNAVELO para el Forzado y Anticipo de Cosechas.","description":"La Manta T\u00e9rmica INVERNAVELO protege los cultivos de heladas y insectos. El uso de la tela anti-heladas reduce los tiempos de producci\u00f3n.","robots":{"index":"index","follow":"follow","max-snippet":"max-snippet:-1","max-image-preview":"max-image-preview:large","max-video-preview":"max-video-preview:-1"},"canonical":"https:\/\/manta-termica.net\/","og_locale":"es_MX","og_type":"article","og_title":"Manta t\u00e9rmica INVERNAVELO para el Forzado y Anticipo de Cosechas.","og_description":"La Manta T\u00e9rmica INVERNAVELO protege los cultivos de heladas y insectos. El uso de la tela anti-heladas reduce los tiempos de producci\u00f3n.","og_url":"https:\/\/manta-termica.net\/","og_site_name":"Manta Termica","article_modified_time":"2023-03-01T18:40:50+00:00","og_image":[{"width":243,"height":194,"url":"https:\/\/manta-termica.net\/wp-content\/uploads\/2016\/09\/mante-termica-hecha-de-polipropileno.jpg","type":"image\/jpeg"}],"twitter_card":"summary_large_image","twitter_misc":{"Tiempo de lectura":"4 minutos"},"schema":{"@context":"https:\/\/schema.org","@graph":[{"@type":"WebPage","@id":"https:\/\/manta-termica.net\/","url":"https:\/\/manta-termica.net\/","name":"Manta t\u00e9rmica INVERNAVELO para el Forzado y Anticipo de Cosechas.","isPartOf":{"@id":"https:\/\/manta-termica.net\/#website"},"primaryImageOfPage":{"@id":"https:\/\/manta-termica.net\/#primaryimage"},"image":{"@id":"https:\/\/manta-termica.net\/#primaryimage"},"thumbnailUrl":"https:\/\/manta-termica.net\/wp-content\/uploads\/2016\/09\/mante-termica-hecha-de-polipropileno.jpg","datePublished":"2016-09-21T23:42:29+00:00","dateModified":"2023-03-01T18:40:50+00:00","description":"La Manta T\u00e9rmica INVERNAVELO protege los cultivos de heladas y insectos. El uso de la tela anti-heladas reduce los tiempos de producci\u00f3n.","breadcrumb":{"@id":"https:\/\/manta-termica.net\/#breadcrumb"},"inLanguage":"es","potentialAction":[{"@type":"ReadAction","target":["https:\/\/manta-termica.net\/"]}]},{"@type":"ImageObject","inLanguage":"es","@id":"https:\/\/manta-termica.net\/#primaryimage","url":"https:\/\/manta-termica.net\/wp-content\/uploads\/2016\/09\/mante-termica-hecha-de-polipropileno.jpg","contentUrl":"https:\/\/manta-termica.net\/wp-content\/uploads\/2016\/09\/mante-termica-hecha-de-polipropileno.jpg","width":243,"height":194,"caption":"Gracias a que la manta t\u00e9rmica est\u00e1 hecha de polipropileno ser\u00e1 muy resistente y duradera."},{"@type":"BreadcrumbList","@id":"https:\/\/manta-termica.net\/#breadcrumb","itemListElement":[{"@type":"ListItem","position":1,"name":"Inicio","item":"https:\/\/manta-termica.net\/"},{"@type":"ListItem","position":2,"name":"Manta T\u00e9rmica para el Forzado de Cultivos y Anticipo de Cosechas."}]},{"@type":"WebSite","@id":"https:\/\/manta-termica.net\/#website","url":"https:\/\/manta-termica.net\/","name":"Manta Termica","description":"Reduce el Tiempo de la Siembra","publisher":{"@id":"https:\/\/manta-termica.net\/#organization"},"potentialAction":[{"@type":"SearchAction","target":{"@type":"EntryPoint","urlTemplate":"https:\/\/manta-termica.net\/?s={search_term_string}"},"query-input":{"@type":"PropertyValueSpecification","valueRequired":true,"valueName":"search_term_string"}}],"inLanguage":"es"},{"@type":"Organization","@id":"https:\/\/manta-termica.net\/#organization","name":"Manta Termica","url":"https:\/\/manta-termica.net\/","logo":{"@type":"ImageObject","inLanguage":"es","@id":"https:\/\/manta-termica.net\/#\/schema\/logo\/image\/","url":"https:\/\/manta-termica.net\/wp-content\/uploads\/2023\/04\/cropped-INVERNAVELO-520x520-1.png","contentUrl":"https:\/\/manta-termica.net\/wp-content\/uploads\/2023\/04\/cropped-INVERNAVELO-520x520-1.png","width":520,"height":162,"caption":"Manta Termica"},"image":{"@id":"https:\/\/manta-termica.net\/#\/schema\/logo\/image\/"}}]}},"_links":{"self":[{"href":"https:\/\/manta-termica.net\/index.php\/wp-json\/wp\/v2\/pages\/2","targetHints":{"allow":["GET"]}}],"collection":[{"href":"https:\/\/manta-termica.net\/index.php\/wp-json\/wp\/v2\/pages"}],"about":[{"href":"https:\/\/manta-termica.net\/index.php\/wp-json\/wp\/v2\/types\/page"}],"author":[{"embeddable":true,"href":"https:\/\/manta-termica.net\/index.php\/wp-json\/wp\/v2\/users\/1"}],"replies":[{"embeddable":true,"href":"https:\/\/manta-termica.net\/index.php\/wp-json\/wp\/v2\/comments?post=2"}],"version-history":[{"count":6,"href":"https:\/\/manta-termica.net\/index.php\/wp-json\/wp\/v2\/pages\/2\/revisions"}],"predecessor-version":[{"id":169,"href":"https:\/\/manta-termica.net\/index.php\/wp-json\/wp\/v2\/pages\/2\/revisions\/169"}],"wp:featuredmedia":[{"embeddable":true,"href":"https:\/\/manta-termica.net\/index.php\/wp-json\/wp\/v2\/media\/9"}],"wp:attachment":[{"href":"https:\/\/manta-termica.net\/index.php\/wp-json\/wp\/v2\/media?parent=2"}],"curies":[{"name":"wp","href":"https:\/\/api.w.org\/{rel}","templated":true}]}}